{"id":415,"date":"2015-11-17T04:19:36","date_gmt":"2015-11-17T02:19:36","guid":{"rendered":"http:\/\/logistics.stylemixthemes.com\/\/?page_id=415"},"modified":"2023-10-05T16:34:18","modified_gmt":"2023-10-05T14:34:18","slug":"la-nostra-storia","status":"publish","type":"page","link":"https:\/\/grupporienta.it\/?page_id=415","title":{"rendered":"La nostra storia"},"content":{"rendered":"<section class=\"wpb-content-wrapper\"><p>[vc_row full_width=&#8221;stretch_row&#8221; css=&#8221;.vc_custom_1696516479847{margin-bottom: 50px !important;padding-top: 50px !important;padding-bottom: 50px !important;background-image: url(https:\/\/grupporienta.it\/wp-content\/uploads\/2023\/08\/2.jpg?id=1525) !important;}&#8221;][vc_column][vc_empty_space][vc_empty_space][vc_empty_space height=&#8221;20px&#8221;][vc_wp_text]<span style=\"color: #ffffff; font-size: 24pt;\">LA NOSTRA STORIA<\/span>[\/vc_wp_text][\/vc_column][\/vc_row][vc_row][vc_column][vc_column_text css=&#8221;.vc_custom_1693391678363{margin-bottom: 30px !important;}&#8221;]<\/p>\n<h2>UN GRANDE GRUPPO PER GRANDI TRAGUARDI<\/h2>\n<p>Il Gruppo Orienta \u00e8 stato fondato nel 2021 dal Consorzio Orienta che ricopre la figura di capofila di un Contratto di Rete denominato &#8220;Gruppo Orienta Servizi alle Imprese&#8221;.<\/p>\n<p>Le aziende che ne fanno parte possono usufruire della vasta e specifica gamma di servizi offerti dal gruppo stesso e fare affidamento sulla forza imprenditoriale del Gruppo Orienta nell\u2019approcciarsi a nuove opportunit\u00e0 di business.[\/vc_column_text][vc_column_text css=&#8221;.vc_custom_1693393658105{margin-bottom: 30px !important;}&#8221;]<\/p>\n<h2>CONTRATTO DI RETE<\/h2>\n<p>UN UNICO GRUPPO PER GRANDI VANTAGGI<br \/>\nIl Contratto di Rete \u00e8 uno strumento innovativo e un\u2019opportunit\u00e0 per rendere pi\u00f9 efficiente e flessibile la gestione delle risorse umane. \u00c8 un contratto mediante il quale due o pi\u00f9 imprenditori si impegnano a collaborare tra loro sulla base di un programma comune con lo scopo di aumentare la propria competitivit\u00e0 nel mercato. Tutte le imprese possono partecipare al contratto di rete, purch\u00e9 siano iscritte al Registro delle Imprese. Uno dei tanti vantaggi, rispetto ad un semplice accordo informale di collaborazione, \u00e8 la possibilit\u00e0 di trarre beneficio della codatorialit\u00e0 del personale all\u2019interno del gruppo stesso.<\/p>\n<p>Le imprese partecipanti hanno la possibilit\u00e0 di \u201cmettere in comune\u201d per il raggiungimento degli obiettivi di rete anche le risorse umane, attraverso un lecito utilizzo &#8220;semplificato&#8221; dello strumento del distacco dei lavoratori dipendenti nell\u2019ambito della rete. &#8220;Gruppo Orienta Servizi alle Imprese&#8221; \u00e8 il nome del contratto di rete fondato per far si che tutte le aziende che ne fanno parte possano usufruire di tutti i servizi svolti dal Gruppo.<\/p>\n<p>In sintesi: attraverso lo strumento della rete-contratto, in particolare nella sua versione arricchita, come nostro &#8220;Gruppo Orienta Servizi alle Imprese&#8221;, le singole piccole e medie imprese aderenti, <em>pur rimanendo indipendenti,<\/em> hanno possibilit\u00e0 di accedere ad economie di scala, capacit\u00e0 di investimento e dinamiche di programmazione e gestione delle risorse materiali, immateriali e umane che normalmente caratterizzano le imprese di pi\u00f9 grandi dimensioni.[\/vc_column_text][vc_empty_space][\/vc_column][\/vc_row][vc_row full_width=&#8221;stretch_row&#8221; el_class=&#8221;secondary_bg_color&#8221; css=&#8221;.vc_custom_1447734480631{margin-bottom: 0px !important;}&#8221;][vc_column][vc_cta h2=&#8221;Per maggiori informazioni&#8221; shape=&#8221;square&#8221; add_button=&#8221;right&#8221; btn_title=&#8221;Contattaci ora&#8221; btn_style=&#8221;outline&#8221; btn_shape=&#8221;round&#8221; btn_color=&#8221;white&#8221; btn_i_align=&#8221;right&#8221; btn_i_icon_fontawesome=&#8221;stm-arrow-next&#8221; btn_add_icon=&#8221;true&#8221; el_class=&#8221;secondary_bg_color&#8221; btn_link=&#8221;url:https%3A%2F%2Fgrupporienta.it%2F%3Fpage_id%3D442&#8243;][\/vc_cta][\/vc_column][\/vc_row]<\/p>\n<\/section>","protected":false},"excerpt":{"rendered":"<p>[vc_row full_width=&#8221;stretch_row&#8221; css=&#8221;.vc_custom_1696516479847{margin-bottom: 50px !important;padding-top: 50px !important;padding-bottom: 50px !important;background-image: url(https:\/\/grupporienta.it\/wp-content\/uploads\/2023\/08\/2.jpg?id=1525) !important;}&#8221;][vc_column][vc_empty_space][vc_empty_space][vc_empty_space height=&#8221;20px&#8221;][vc_wp_text]LA NOSTRA STORIA[\/vc_wp_text][\/vc_column][\/vc_row][vc_row][vc_column][vc_column_text css=&#8221;.vc_custom_1693391678363{margin-bottom: 30px !important;}&#8221;] UN GRANDE GRUPPO PER GRANDI TRAGUARDI Il Gruppo Orienta \u00e8 stato fondato nel 2021 dal Consorzio&#8230;<\/p>\n","protected":false},"author":1,"featured_media":0,"parent":0,"menu_order":0,"comment_status":"closed","ping_status":"closed","template":"","meta":{"footnotes":""},"class_list":["post-415","page","type-page","status-publish","hentry"],"_links":{"self":[{"href":"https:\/\/grupporienta.it\/index.php?rest_route=\/wp\/v2\/pages\/415","targetHints":{"allow":["GET"]}}],"collection":[{"href":"https:\/\/grupporienta.it\/index.php?rest_route=\/wp\/v2\/pages"}],"about":[{"href":"https:\/\/grupporienta.it\/index.php?rest_route=\/wp\/v2\/types\/page"}],"author":[{"embeddable":true,"href":"https:\/\/grupporienta.it\/index.php?rest_route=\/wp\/v2\/users\/1"}],"replies":[{"embeddable":true,"href":"https:\/\/grupporienta.it\/index.php?rest_route=%2Fwp%2Fv2%2Fcomments&post=415"}],"version-history":[{"count":18,"href":"https:\/\/grupporienta.it\/index.php?rest_route=\/wp\/v2\/pages\/415\/revisions"}],"predecessor-version":[{"id":1675,"href":"https:\/\/grupporienta.it\/index.php?rest_route=\/wp\/v2\/pages\/415\/revisions\/1675"}],"wp:attachment":[{"href":"https:\/\/grupporienta.it\/index.php?rest_route=%2Fwp%2Fv2%2Fmedia&parent=415"}],"curies":[{"name":"wp","href":"https:\/\/api.w.org\/{rel}","templated":true}]}}